{"id":29531,"date":"2021-12-05T19:50:15","date_gmt":"2021-12-05T19:50:15","guid":{"rendered":"https:\/\/www.jurana.lt\/?page_id=29531"},"modified":"2026-02-11T17:05:40","modified_gmt":"2026-02-11T15:05:40","slug":"apie-mus","status":"publish","type":"page","link":"https:\/\/www.jurana.lt\/en\/apie-mus\/","title":{"rendered":"About us"},"content":{"rendered":"\t\t<div data-elementor-type=\"wp-page\" data-elementor-id=\"29531\" class=\"elementor elementor-29531\">\n\t\t\t\t<div class=\"elementor-element elementor-element-4edb3ab e-flex e-con-boxed e-con e-parent\" data-id=\"4edb3ab\" data-element_type=\"container\" data-core-v316-plus=\"true\">\n\t\t\t\t\t<div class=\"e-con-inner\">\n\t\t<div class=\"elementor-element elementor-element-64f2bc6 e-con-full e-flex e-con e-child\" data-id=\"64f2bc6\" data-element_type=\"container\">\n\t\t\t\t<div class=\"elementor-element elementor-element-7c3464a lte-heading-style-header-subheader lte-heading-align-tablet-center elementor-widget elementor-widget-lte-header\" data-id=\"7c3464a\" data-element_type=\"widget\" data-widget_type=\"lte-header.default\">\n\t\t\t\t<div class=\"elementor-widget-container\">\n\t\t\t<div class=\"lte-heading lte-size-md lte-style-header-subheader lte-subcolor-main heading-tag-h3 heading-subtag-h6\"><div class=\"lte-heading-content\"><h3 class=\"lte-header\">Apie Mus - UAB ,,Jurana\u201d<\/h3><\/div><\/div>\t\t<\/div>\n\t\t\t\t<\/div>\n\t\t\t\t<div class=\"elementor-element elementor-element-c73e3db elementor-widget__width-initial elementor-widget elementor-widget-text-editor\" data-id=\"c73e3db\" data-element_type=\"widget\" data-widget_type=\"text-editor.default\">\n\t\t\t\t<div class=\"elementor-widget-container\">\n\t\t\t\t\t\t\t<p><span style=\"font-weight: 400;\">\u012emon\u0117 UAB ,,Jurana\u201d si\u016blo i\u0161samias 3PL logistikos paslaugas, u\u017etikrindama visapusi\u0161k\u0105 klient\u0173 aptarnavim\u0105 Lietuvoje ir aplinkin\u0117se ES \u0161alyse &#8211; <\/span><span style=\"font-weight: 400;\">nuo preki\u0173 surinkimo iki komunikacijos su galutiniu vartotoju<\/span><span style=\"font-weight: 400;\">. M\u016bs\u0173 kvalifikuota komanda, pasitelkdama moderni\u0105 technik\u0105 ir pa\u017eangius IT sprendimus, suteikia galimyb\u0119<\/span><span style=\"font-weight: 400;\"> aptarnauti \u012fvairius verslo sektorius ir transportuoti skirtingos paskirties prekes.<\/span><\/p><p><span style=\"font-weight: 400;\">Mes esame J\u016bs\u0173 patikimi logistikos partneriai, atsakingi u\u017e vis\u0173 transportavimo sprendim\u0173 koordinavim\u0105, operacij\u0173 kontrol\u0119 ir tiksl\u0173 \u012fgyvendinim\u0105. M\u016bs\u0173 sukurta infrastrukt\u016bra, patyr\u0119s personalas, patikima technika, nauji, \u0161var\u016bs, 24\/7 fizi\u0161kai saugomi sand\u0117liai bei patikrint\u0173 partneri\u0173 tinklas u\u017etikrina krovinio saugum\u0105, profesional\u0173 klient\u0173 aptarnavim\u0105 ir transportavimo darb\u0173 sklandum\u0105.<\/span><\/p>\t\t\t\t\t\t<\/div>\n\t\t\t\t<\/div>\n\t\t<div class=\"elementor-element elementor-element-ebf0f4a e-flex e-con-boxed e-con e-child\" data-id=\"ebf0f4a\" data-element_type=\"container\">\n\t\t\t\t\t<div class=\"e-con-inner\">\n\t\t\t\t<div class=\"elementor-element elementor-element-37dd083 lte-btn-inline-yes elementor-widget elementor-widget-lte-button\" data-id=\"37dd083\" data-element_type=\"widget\" data-widget_type=\"lte-button.default\">\n\t\t\t\t<div class=\"elementor-widget-container\">\n\t\t\t<div class=\"lte-btn-wrap\">\r\n\t<a href=\"\/kontaktai\/\"  class=\"lte-btn btn-lg color-hover-default\"><span class=\"lte-btn-inner\"><span class=\"lte-btn-before\"><\/span>Kontaktai<span class=\"lte-btn-after\"><\/span><\/span><\/a><\/div>\t\t<\/div>\n\t\t\t\t<\/div>\n\t\t\t\t<div class=\"elementor-element elementor-element-3d11b7c lte-btn-inline-yes elementor-widget elementor-widget-lte-button\" data-id=\"3d11b7c\" data-element_type=\"widget\" data-widget_type=\"lte-button.default\">\n\t\t\t\t<div class=\"elementor-widget-container\">\n\t\t\t<div class=\"lte-btn-wrap\">\r\n\t<a href=\"tel:+37067553287\"  class=\"lte-btn btn-lg btn-transparent color-hover-default hasIcon\"><span class=\"lte-btn-inner\"><span class=\"lte-btn-before\"><\/span><span class=\"lte-icon\"><i aria-hidden=\"true\" class=\"icon icon-outgoing-call\"><\/i><\/span>+370 675 53287<span class=\"lte-btn-after\"><\/span><\/span><\/a><\/div>\t\t<\/div>\n\t\t\t\t<\/div>\n\t\t\t\t\t<\/div>\n\t\t\t\t<\/div>\n\t\t\t\t<\/div>\n\t\t<div class=\"elementor-element elementor-element-8d02990 e-con-full e-flex e-con e-child\" data-id=\"8d02990\" data-element_type=\"container\">\n\t\t\t\t<div class=\"elementor-element elementor-element-deb91ad lte-animation-speed-slow elementor-widget elementor-widget-image\" data-id=\"deb91ad\" data-element_type=\"widget\" data-widget_type=\"image.default\">\n\t\t\t\t<div class=\"elementor-widget-container\">\n\t\t\t\t\t\t\t\t\t\t\t\t\t<img fetchpriority=\"high\" decoding=\"async\" width=\"1024\" height=\"768\" src=\"https:\/\/www.jurana.lt\/wp-content\/uploads\/2024\/05\/IMG_0885-min-1024x768.jpg\" class=\"attachment-large size-large wp-image-36268\" alt=\"\" srcset=\"https:\/\/www.jurana.lt\/wp-content\/uploads\/2024\/05\/IMG_0885-min-1024x768.jpg 1024w, https:\/\/www.jurana.lt\/wp-content\/uploads\/2024\/05\/IMG_0885-min-300x225.jpg 300w, https:\/\/www.jurana.lt\/wp-content\/uploads\/2024\/05\/IMG_0885-min-768x576.jpg 768w, https:\/\/www.jurana.lt\/wp-content\/uploads\/2024\/05\/IMG_0885-min-333x250.jpg 333w, https:\/\/www.jurana.lt\/wp-content\/uploads\/2024\/05\/IMG_0885-min-100x75.jpg 100w, https:\/\/www.jurana.lt\/wp-content\/uploads\/2024\/05\/IMG_0885-min-1250x938.jpg 1250w, https:\/\/www.jurana.lt\/wp-content\/uploads\/2024\/05\/IMG_0885-min.jpg 1341w\" sizes=\"(max-width: 1024px) 100vw, 1024px\" \/>\t\t\t\t\t\t\t\t\t\t\t\t\t<\/div>\n\t\t\t\t<\/div>\n\t\t\t\t<\/div>\n\t\t\t\t\t<\/div>\n\t\t\t\t<\/div>\n\t\t<div class=\"elementor-element elementor-element-13db11d e-flex e-con-boxed e-con e-parent\" data-id=\"13db11d\" data-element_type=\"container\" data-core-v316-plus=\"true\">\n\t\t\t\t\t<div class=\"e-con-inner\">\n\t\t<div class=\"elementor-element elementor-element-9d7d095 e-con-full e-flex e-con e-child\" data-id=\"9d7d095\" data-element_type=\"container\">\n\t\t\t\t<div class=\"elementor-element elementor-element-036fb71 lte-heading-align-tablet-center lte-heading-style-default elementor-widget elementor-widget-lte-header\" data-id=\"036fb71\" data-element_type=\"widget\" data-widget_type=\"lte-header.default\">\n\t\t\t\t<div class=\"elementor-widget-container\">\n\t\t\t<div class=\"lte-heading lte-size-md lte-style-default lte-subcolor-main heading-tag-h3 heading-subtag-h6\"><div class=\"lte-heading-content\"><h3 class=\"lte-header\"><span> Da\u017eniausiai u\u017eduodami <\/span> <br \/>\nKlausimai<\/h3><\/div><\/div>\t\t<\/div>\n\t\t\t\t<\/div>\n\t\t\t\t<div class=\"elementor-element elementor-element-1775f51 elementor-widget elementor-widget-accordion\" data-id=\"1775f51\" data-element_type=\"widget\" data-widget_type=\"accordion.default\">\n\t\t\t\t<div class=\"elementor-widget-container\">\n\t\t\t\t\t<div class=\"elementor-accordion\">\n\t\t\t\t\t\t\t<div class=\"elementor-accordion-item\">\n\t\t\t\t\t<div id=\"elementor-tab-title-2461\" class=\"elementor-tab-title\" data-tab=\"1\" role=\"button\" aria-controls=\"elementor-tab-content-2461\" aria-expanded=\"false\">\n\t\t\t\t\t\t\t\t\t\t\t\t\t<span class=\"elementor-accordion-icon elementor-accordion-icon-left\" aria-hidden=\"true\">\n\t\t\t\t\t\t\t\t\t\t\t\t\t\t\t<span class=\"elementor-accordion-icon-closed\"><i class=\"fas fa-plus\"><\/i><\/span>\n\t\t\t\t\t\t\t\t<span class=\"elementor-accordion-icon-opened\"><i class=\"fas fa-minus\"><\/i><\/span>\n\t\t\t\t\t\t\t\t\t\t\t\t\t\t<\/span>\n\t\t\t\t\t\t\t\t\t\t\t\t<a class=\"elementor-accordion-title\" tabindex=\"0\">Koks yra siunt\u0173 pristatymo laikas?<\/a>\n\t\t\t\t\t<\/div>\n\t\t\t\t\t<div id=\"elementor-tab-content-2461\" class=\"elementor-tab-content elementor-clearfix\" data-tab=\"1\" role=\"region\" aria-labelledby=\"elementor-tab-title-2461\"><p><span style=\"font-weight: 400;\">Pristatymo laikas priklauso nuo siuntos tipo, paskirties vietos ir pasirinkto transportavimo b\u016bdo. Vidutini\u0161kai, vietin\u0117s siuntos Lietuvoje pristatomos per 1-2 darbo dienas, tarptautin\u0117s siuntos \u2013 per 3-7 darbo dienas.<\/span><\/p><\/div>\n\t\t\t\t<\/div>\n\t\t\t\t\t\t\t<div class=\"elementor-accordion-item\">\n\t\t\t\t\t<div id=\"elementor-tab-title-2462\" class=\"elementor-tab-title\" data-tab=\"2\" role=\"button\" aria-controls=\"elementor-tab-content-2462\" aria-expanded=\"false\">\n\t\t\t\t\t\t\t\t\t\t\t\t\t<span class=\"elementor-accordion-icon elementor-accordion-icon-left\" aria-hidden=\"true\">\n\t\t\t\t\t\t\t\t\t\t\t\t\t\t\t<span class=\"elementor-accordion-icon-closed\"><i class=\"fas fa-plus\"><\/i><\/span>\n\t\t\t\t\t\t\t\t<span class=\"elementor-accordion-icon-opened\"><i class=\"fas fa-minus\"><\/i><\/span>\n\t\t\t\t\t\t\t\t\t\t\t\t\t\t<\/span>\n\t\t\t\t\t\t\t\t\t\t\t\t<a class=\"elementor-accordion-title\" tabindex=\"0\">Kokias logistikos paslaugas teikiate?<\/a>\n\t\t\t\t\t<\/div>\n\t\t\t\t\t<div id=\"elementor-tab-content-2462\" class=\"elementor-tab-content elementor-clearfix\" data-tab=\"2\" role=\"region\" aria-labelledby=\"elementor-tab-title-2462\"><p><span style=\"font-weight: 400;\">Teikiamos paslaugos:<\/span><\/p><ul><li style=\"font-weight: 400;\" aria-level=\"1\"><span style=\"font-weight: 400;\">eksportas;<\/span><\/li><li style=\"font-weight: 400;\" aria-level=\"1\"><span style=\"font-weight: 400;\">tranzitas;<\/span><\/li><li style=\"font-weight: 400;\" aria-level=\"1\"><span style=\"font-weight: 400;\">krovini\u0173 perve\u017eimas visoje Europoje;<\/span><\/li><li style=\"font-weight: 400;\" aria-level=\"1\"><span style=\"font-weight: 400;\">Importas;<\/span><\/li><li style=\"font-weight: 400;\" aria-level=\"1\"><span style=\"font-weight: 400;\">muitin\u0117s tarpininkavimas;<\/span><\/li><li style=\"font-weight: 400;\" aria-level=\"1\"><span style=\"font-weight: 400;\">negabaritini\u0173 krovini\u0173 perve\u017eimas;<\/span><\/li><li style=\"font-weight: 400;\" aria-level=\"1\"><span style=\"font-weight: 400;\">sand\u0117liavimas;<\/span><\/li><li style=\"font-weight: 400;\" aria-level=\"1\"><span style=\"font-weight: 400;\">distribucija Baltijos \u0161alyse;<\/span><\/li><li style=\"font-weight: 400;\" aria-level=\"1\"><span style=\"font-weight: 400;\">i\u0161muitinimas;<\/span><\/li><li style=\"font-weight: 400;\" aria-level=\"1\"><span style=\"font-weight: 400;\">siunt\u0173 ve\u017eimas \u012f Anglij\u0105;<\/span><\/li><li style=\"font-weight: 400;\" aria-level=\"1\"><span style=\"font-weight: 400;\">kitos logistikos paslaugos.<\/span><\/li><\/ul><\/div>\n\t\t\t\t<\/div>\n\t\t\t\t\t\t\t<div class=\"elementor-accordion-item\">\n\t\t\t\t\t<div id=\"elementor-tab-title-2463\" class=\"elementor-tab-title\" data-tab=\"3\" role=\"button\" aria-controls=\"elementor-tab-content-2463\" aria-expanded=\"false\">\n\t\t\t\t\t\t\t\t\t\t\t\t\t<span class=\"elementor-accordion-icon elementor-accordion-icon-left\" aria-hidden=\"true\">\n\t\t\t\t\t\t\t\t\t\t\t\t\t\t\t<span class=\"elementor-accordion-icon-closed\"><i class=\"fas fa-plus\"><\/i><\/span>\n\t\t\t\t\t\t\t\t<span class=\"elementor-accordion-icon-opened\"><i class=\"fas fa-minus\"><\/i><\/span>\n\t\t\t\t\t\t\t\t\t\t\t\t\t\t<\/span>\n\t\t\t\t\t\t\t\t\t\t\t\t<a class=\"elementor-accordion-title\" tabindex=\"0\">Ar galite u\u017etikrinti krovinio saugum\u0105 perve\u017eimo metu?<\/a>\n\t\t\t\t\t<\/div>\n\t\t\t\t\t<div id=\"elementor-tab-content-2463\" class=\"elementor-tab-content elementor-clearfix\" data-tab=\"3\" role=\"region\" aria-labelledby=\"elementor-tab-title-2463\"><p><span style=\"font-weight: 400;\">Taip, mes naudojame pa\u017eangias saugos sistemas ir steb\u0117jimo technologijas, u\u017etikrinan\u010dias krovini\u0173 saugum\u0105 viso transportavimo proceso metu. Be to, si\u016blome draudimo paslaugas krovinio vertei apsaugoti.<\/span><\/p><\/div>\n\t\t\t\t<\/div>\n\t\t\t\t\t\t\t<div class=\"elementor-accordion-item\">\n\t\t\t\t\t<div id=\"elementor-tab-title-2464\" class=\"elementor-tab-title\" data-tab=\"4\" role=\"button\" aria-controls=\"elementor-tab-content-2464\" aria-expanded=\"false\">\n\t\t\t\t\t\t\t\t\t\t\t\t\t<span class=\"elementor-accordion-icon elementor-accordion-icon-left\" aria-hidden=\"true\">\n\t\t\t\t\t\t\t\t\t\t\t\t\t\t\t<span class=\"elementor-accordion-icon-closed\"><i class=\"fas fa-plus\"><\/i><\/span>\n\t\t\t\t\t\t\t\t<span class=\"elementor-accordion-icon-opened\"><i class=\"fas fa-minus\"><\/i><\/span>\n\t\t\t\t\t\t\t\t\t\t\t\t\t\t<\/span>\n\t\t\t\t\t\t\t\t\t\t\t\t<a class=\"elementor-accordion-title\" tabindex=\"0\">Kaip veikia muitin\u0117s tarpininkavimo paslaugos?<\/a>\n\t\t\t\t\t<\/div>\n\t\t\t\t\t<div id=\"elementor-tab-content-2464\" class=\"elementor-tab-content elementor-clearfix\" data-tab=\"4\" role=\"region\" aria-labelledby=\"elementor-tab-title-2464\"><p><span style=\"font-weight: 400;\">M\u016bs\u0173 muitin\u0117s tarpininkai rengia visus reikiamus dokumentus importo, eksporto ar reeksporto proced\u016broms, konsultuoja muitin\u0117s klausimais ir atstovauja klientus muitin\u0117je, u\u017etikrindami skland\u0173 muitin\u0117s proced\u016br\u0173 vykdym\u0105.<\/span><\/p><\/div>\n\t\t\t\t<\/div>\n\t\t\t\t\t\t\t<div class=\"elementor-accordion-item\">\n\t\t\t\t\t<div id=\"elementor-tab-title-2465\" class=\"elementor-tab-title\" data-tab=\"5\" role=\"button\" aria-controls=\"elementor-tab-content-2465\" aria-expanded=\"false\">\n\t\t\t\t\t\t\t\t\t\t\t\t\t<span class=\"elementor-accordion-icon elementor-accordion-icon-left\" aria-hidden=\"true\">\n\t\t\t\t\t\t\t\t\t\t\t\t\t\t\t<span class=\"elementor-accordion-icon-closed\"><i class=\"fas fa-plus\"><\/i><\/span>\n\t\t\t\t\t\t\t\t<span class=\"elementor-accordion-icon-opened\"><i class=\"fas fa-minus\"><\/i><\/span>\n\t\t\t\t\t\t\t\t\t\t\t\t\t\t<\/span>\n\t\t\t\t\t\t\t\t\t\t\t\t<a class=\"elementor-accordion-title\" tabindex=\"0\">Kokias sand\u0117liavimo paslaugas si\u016blote?<\/a>\n\t\t\t\t\t<\/div>\n\t\t\t\t\t<div id=\"elementor-tab-content-2465\" class=\"elementor-tab-content elementor-clearfix\" data-tab=\"5\" role=\"region\" aria-labelledby=\"elementor-tab-title-2465\"><p><span style=\"font-weight: 400;\">Si\u016blome \u012fvairi\u0173 tip\u0173 sand\u0117liavimo paslaugas, \u012fskaitant paprast\u0105 saugojim\u0105, preki\u0173, kurioms reikalinga kontroliuojama temperat\u016bra, <\/span><b>sand\u0117liavimo paslaugas,<\/b><span style=\"font-weight: 400;\"> muitin\u0117s sand\u0117liavim\u0105 bei kt. M\u016bs\u0173 sand\u0117liai yra modern\u016bs bei saug\u016bs, o sand\u0117liavimo plotai prisitaiko prie individuali\u0173 klient\u0173 poreiki\u0173.<\/span><\/p><\/div>\n\t\t\t\t<\/div>\n\t\t\t\t\t\t\t<div class=\"elementor-accordion-item\">\n\t\t\t\t\t<div id=\"elementor-tab-title-2466\" class=\"elementor-tab-title\" data-tab=\"6\" role=\"button\" aria-controls=\"elementor-tab-content-2466\" aria-expanded=\"false\">\n\t\t\t\t\t\t\t\t\t\t\t\t\t<span class=\"elementor-accordion-icon elementor-accordion-icon-left\" aria-hidden=\"true\">\n\t\t\t\t\t\t\t\t\t\t\t\t\t\t\t<span class=\"elementor-accordion-icon-closed\"><i class=\"fas fa-plus\"><\/i><\/span>\n\t\t\t\t\t\t\t\t<span class=\"elementor-accordion-icon-opened\"><i class=\"fas fa-minus\"><\/i><\/span>\n\t\t\t\t\t\t\t\t\t\t\t\t\t\t<\/span>\n\t\t\t\t\t\t\t\t\t\t\t\t<a class=\"elementor-accordion-title\" tabindex=\"0\">Kaip vyksta u\u017esakym\u0173 vykdymo procesas?<\/a>\n\t\t\t\t\t<\/div>\n\t\t\t\t\t<div id=\"elementor-tab-content-2466\" class=\"elementor-tab-content elementor-clearfix\" data-tab=\"6\" role=\"region\" aria-labelledby=\"elementor-tab-title-2466\"><p><span style=\"font-weight: 400;\">U\u017esakym\u0173 vykdymas prasideda nuo u\u017esakymo pri\u0117mimo, krovini\u0173 paruo\u0161imo siuntimui, \u012fskaitant pakavim\u0105 ir etike\u010di\u0173 klijavim\u0105 bei baigiasi pristatant krovin\u012f pirk\u0117jui. Visas procesas yra stebimas ir valdomas m\u016bs\u0173 logistikos sistemoje, u\u017etikrinant efektyv\u0173 ir skland\u0173 u\u017esakym\u0173 vykdym\u0105.<\/span><\/p><\/div>\n\t\t\t\t<\/div>\n\t\t\t\t\t\t\t\t\t\t<script type=\"application\/ld+json\">{\"@context\":\"https:\\\/\\\/schema.org\",\"@type\":\"FAQPage\",\"mainEntity\":[{\"@type\":\"Question\",\"name\":\"Koks yra siunt\\u0173 pristatymo laikas?\",\"acceptedAnswer\":{\"@type\":\"Answer\",\"text\":\"<p><span style=\\\"font-weight: 400;\\\">Pristatymo laikas priklauso nuo siuntos tipo, paskirties vietos ir pasirinkto transportavimo b\\u016bdo. Vidutini\\u0161kai, vietin\\u0117s siuntos Lietuvoje pristatomos per 1-2 darbo dienas, tarptautin\\u0117s siuntos \\u2013 per 3-7 darbo dienas.<\\\/span><\\\/p>\"}},{\"@type\":\"Question\",\"name\":\"Kokias logistikos paslaugas teikiate?\",\"acceptedAnswer\":{\"@type\":\"Answer\",\"text\":\"<p><span style=\\\"font-weight: 400;\\\">Teikiamos paslaugos:<\\\/span><\\\/p><ul><li style=\\\"font-weight: 400;\\\" aria-level=\\\"1\\\"><span style=\\\"font-weight: 400;\\\">eksportas;<\\\/span><\\\/li><li style=\\\"font-weight: 400;\\\" aria-level=\\\"1\\\"><span style=\\\"font-weight: 400;\\\">tranzitas;<\\\/span><\\\/li><li style=\\\"font-weight: 400;\\\" aria-level=\\\"1\\\"><span style=\\\"font-weight: 400;\\\">krovini\\u0173 perve\\u017eimas visoje Europoje;<\\\/span><\\\/li><li style=\\\"font-weight: 400;\\\" aria-level=\\\"1\\\"><span style=\\\"font-weight: 400;\\\">Importas;<\\\/span><\\\/li><li style=\\\"font-weight: 400;\\\" aria-level=\\\"1\\\"><span style=\\\"font-weight: 400;\\\">muitin\\u0117s tarpininkavimas;<\\\/span><\\\/li><li style=\\\"font-weight: 400;\\\" aria-level=\\\"1\\\"><span style=\\\"font-weight: 400;\\\">negabaritini\\u0173 krovini\\u0173 perve\\u017eimas;<\\\/span><\\\/li><li style=\\\"font-weight: 400;\\\" aria-level=\\\"1\\\"><span style=\\\"font-weight: 400;\\\">sand\\u0117liavimas;<\\\/span><\\\/li><li style=\\\"font-weight: 400;\\\" aria-level=\\\"1\\\"><span style=\\\"font-weight: 400;\\\">distribucija Baltijos \\u0161alyse;<\\\/span><\\\/li><li style=\\\"font-weight: 400;\\\" aria-level=\\\"1\\\"><span style=\\\"font-weight: 400;\\\">i\\u0161muitinimas;<\\\/span><\\\/li><li style=\\\"font-weight: 400;\\\" aria-level=\\\"1\\\"><span style=\\\"font-weight: 400;\\\">siunt\\u0173 ve\\u017eimas \\u012f Anglij\\u0105;<\\\/span><\\\/li><li style=\\\"font-weight: 400;\\\" aria-level=\\\"1\\\"><span style=\\\"font-weight: 400;\\\">kitos logistikos paslaugos.<\\\/span><\\\/li><\\\/ul>\"}},{\"@type\":\"Question\",\"name\":\"Ar galite u\\u017etikrinti krovinio saugum\\u0105 perve\\u017eimo metu?\",\"acceptedAnswer\":{\"@type\":\"Answer\",\"text\":\"<p><span style=\\\"font-weight: 400;\\\">Taip, mes naudojame pa\\u017eangias saugos sistemas ir steb\\u0117jimo technologijas, u\\u017etikrinan\\u010dias krovini\\u0173 saugum\\u0105 viso transportavimo proceso metu. Be to, si\\u016blome draudimo paslaugas krovinio vertei apsaugoti.<\\\/span><\\\/p>\"}},{\"@type\":\"Question\",\"name\":\"Kaip veikia muitin\\u0117s tarpininkavimo paslaugos?\",\"acceptedAnswer\":{\"@type\":\"Answer\",\"text\":\"<p><span style=\\\"font-weight: 400;\\\">M\\u016bs\\u0173 muitin\\u0117s tarpininkai rengia visus reikiamus dokumentus importo, eksporto ar reeksporto proced\\u016broms, konsultuoja muitin\\u0117s klausimais ir atstovauja klientus muitin\\u0117je, u\\u017etikrindami skland\\u0173 muitin\\u0117s proced\\u016br\\u0173 vykdym\\u0105.<\\\/span><\\\/p>\"}},{\"@type\":\"Question\",\"name\":\"Kokias sand\\u0117liavimo paslaugas si\\u016blote?\",\"acceptedAnswer\":{\"@type\":\"Answer\",\"text\":\"<p><span style=\\\"font-weight: 400;\\\">Si\\u016blome \\u012fvairi\\u0173 tip\\u0173 sand\\u0117liavimo paslaugas, \\u012fskaitant paprast\\u0105 saugojim\\u0105, preki\\u0173, kurioms reikalinga kontroliuojama temperat\\u016bra, <\\\/span><b>sand\\u0117liavimo paslaugas,<\\\/b><span style=\\\"font-weight: 400;\\\"> muitin\\u0117s sand\\u0117liavim\\u0105 bei kt. M\\u016bs\\u0173 sand\\u0117liai yra modern\\u016bs bei saug\\u016bs, o sand\\u0117liavimo plotai prisitaiko prie individuali\\u0173 klient\\u0173 poreiki\\u0173.<\\\/span><\\\/p>\"}},{\"@type\":\"Question\",\"name\":\"Kaip vyksta u\\u017esakym\\u0173 vykdymo procesas?\",\"acceptedAnswer\":{\"@type\":\"Answer\",\"text\":\"<p><span style=\\\"font-weight: 400;\\\">U\\u017esakym\\u0173 vykdymas prasideda nuo u\\u017esakymo pri\\u0117mimo, krovini\\u0173 paruo\\u0161imo siuntimui, \\u012fskaitant pakavim\\u0105 ir etike\\u010di\\u0173 klijavim\\u0105 bei baigiasi pristatant krovin\\u012f pirk\\u0117jui. Visas procesas yra stebimas ir valdomas m\\u016bs\\u0173 logistikos sistemoje, u\\u017etikrinant efektyv\\u0173 ir skland\\u0173 u\\u017esakym\\u0173 vykdym\\u0105.<\\\/span><\\\/p>\"}}]}<\/script>\n\t\t\t\t\t<\/div>\n\t\t\t\t<\/div>\n\t\t\t\t<\/div>\n\t\t\t\t<\/div>\n\t\t<div class=\"elementor-element elementor-element-00e2507 e-con-full e-flex e-con e-child\" data-id=\"00e2507\" data-element_type=\"container\">\n\t\t\t\t<div class=\"elementor-element elementor-element-03dd885 lte-animation-speed-slow elementor-widget elementor-widget-image\" data-id=\"03dd885\" data-element_type=\"widget\" data-widget_type=\"image.default\">\n\t\t\t\t<div class=\"elementor-widget-container\">\n\t\t\t\t\t\t\t\t\t\t\t\t\t<img decoding=\"async\" width=\"1022\" height=\"1024\" src=\"https:\/\/www.jurana.lt\/wp-content\/uploads\/2024\/05\/IMG_6891-min-1022x1024.jpg\" class=\"attachment-large size-large wp-image-36274\" alt=\"\" srcset=\"https:\/\/www.jurana.lt\/wp-content\/uploads\/2024\/05\/IMG_6891-min-1022x1024.jpg 1022w, https:\/\/www.jurana.lt\/wp-content\/uploads\/2024\/05\/IMG_6891-min-300x300.jpg 300w, https:\/\/www.jurana.lt\/wp-content\/uploads\/2024\/05\/IMG_6891-min-150x150.jpg 150w, https:\/\/www.jurana.lt\/wp-content\/uploads\/2024\/05\/IMG_6891-min-768x770.jpg 768w, https:\/\/www.jurana.lt\/wp-content\/uploads\/2024\/05\/IMG_6891-min-249x250.jpg 249w, https:\/\/www.jurana.lt\/wp-content\/uploads\/2024\/05\/IMG_6891-min-140x140.jpg 140w, https:\/\/www.jurana.lt\/wp-content\/uploads\/2024\/05\/IMG_6891-min-80x80.jpg 80w, https:\/\/www.jurana.lt\/wp-content\/uploads\/2024\/05\/IMG_6891-min-290x290.jpg 290w, https:\/\/www.jurana.lt\/wp-content\/uploads\/2024\/05\/IMG_6891-min-350x350.jpg 350w, https:\/\/www.jurana.lt\/wp-content\/uploads\/2024\/05\/IMG_6891-min-100x100.jpg 100w, https:\/\/www.jurana.lt\/wp-content\/uploads\/2024\/05\/IMG_6891-min-360x360.jpg 360w, https:\/\/www.jurana.lt\/wp-content\/uploads\/2024\/05\/IMG_6891-min-1247x1250.jpg 1247w, https:\/\/www.jurana.lt\/wp-content\/uploads\/2024\/05\/IMG_6891-min.jpg 1267w\" sizes=\"(max-width: 1022px) 100vw, 1022px\" \/>\t\t\t\t\t\t\t\t\t\t\t\t\t<\/div>\n\t\t\t\t<\/div>\n\t\t\t\t<\/div>\n\t\t\t\t\t<\/div>\n\t\t\t\t<\/div>\n\t\t\t\t<\/div>\n\t\t","protected":false},"excerpt":{"rendered":"<p>Apie Mus &#8211; UAB ,,Jurana\u201d \u012emon\u0117 UAB ,,Jurana\u201d si\u016blo i\u0161samias 3PL logistikos paslaugas, u\u017etikrindama visapusi\u0161k\u0105 klient\u0173 aptarnavim\u0105 Lietuvoje ir aplinkin\u0117se ES \u0161alyse &#8211; nuo preki\u0173 surinkimo iki komunikacijos su galutiniu vartotoju. M\u016bs\u0173 kvalifikuota komanda, pasitelkdama moderni\u0105 technik\u0105 ir pa\u017eangius IT sprendimus, suteikia galimyb\u0119 aptarnauti \u012fvairius verslo sektorius ir transportuoti skirtingos paskirties prekes. Mes esame J\u016bs\u0173 [&hellip;]<\/p>\n","protected":false},"author":3,"featured_media":0,"parent":0,"menu_order":0,"comment_status":"closed","ping_status":"closed","template":"page-templates\/full-width.php","meta":{"footnotes":""},"_links":{"self":[{"href":"https:\/\/www.jurana.lt\/en\/wp-json\/wp\/v2\/pages\/29531"}],"collection":[{"href":"https:\/\/www.jurana.lt\/en\/wp-json\/wp\/v2\/pages"}],"about":[{"href":"https:\/\/www.jurana.lt\/en\/wp-json\/wp\/v2\/types\/page"}],"author":[{"embeddable":true,"href":"https:\/\/www.jurana.lt\/en\/wp-json\/wp\/v2\/users\/3"}],"replies":[{"embeddable":true,"href":"https:\/\/www.jurana.lt\/en\/wp-json\/wp\/v2\/comments?post=29531"}],"version-history":[{"count":25,"href":"https:\/\/www.jurana.lt\/en\/wp-json\/wp\/v2\/pages\/29531\/revisions"}],"predecessor-version":[{"id":36524,"href":"https:\/\/www.jurana.lt\/en\/wp-json\/wp\/v2\/pages\/29531\/revisions\/36524"}],"wp:attachment":[{"href":"https:\/\/www.jurana.lt\/en\/wp-json\/wp\/v2\/media?parent=29531"}],"curies":[{"name":"wp","href":"https:\/\/api.w.org\/{rel}","templated":true}]}}